{"id":3088,"date":"2014-06-11T13:32:42","date_gmt":"2014-06-11T10:32:42","guid":{"rendered":"http:\/\/www.veebidisain.com\/projektid\/lp\/?page_id=3088"},"modified":"2024-02-28T20:25:11","modified_gmt":"2024-02-28T18:25:11","slug":"people","status":"publish","type":"page","link":"https:\/\/www.langeproon.ee\/en\/people\/","title":{"rendered":"People"},"content":{"rendered":"<h3><strong>Retail sales and stock in Luige, Kiili parish.<\/strong><\/h3>\n<h3>Open Mon-Thu 8:00 &#8211; 16:00, Fri 8:00 &#8211; 15:00, Sat &#8211; Sun closed<br \/>\n<span style=\"color: #c8c8c8;\"> Stock coordinates 59\u00ba20\u20191.58\u2019\u2019 and 24\u00ba46\u20192.43\u2019\u2019<\/span><\/h3>\n<p><iframe style=\"border: 0;\" src=\"https:\/\/www.google.com\/maps\/embed?pb=!1m18!1m12!1m3!1d4069.896597204386!2d24.76731!3d59.333817!2m3!1f0!2f0!3f0!3m2!1i1024!2i768!4f13.1!3m3!1m2!1s0x4692ea82a2d0cf2b%3A0x223312a4a0791dd8!2sLangeproon+Inseneriehitus+O%C3%9C!5e0!3m2!1sen!2see!4v1475501161382\" width=\"760\" height=\"300\" frameborder=\"0\" allowfullscreen=\"allowfullscreen\"><\/iframe><br \/>\n<span style=\"color: #ff0000;\">Send us your payment order TODAY before 12:00 to e-mail: logistika @langeproon.ee and we will deliver the order TOMMOROW \u2013 directly to your object!<\/span><br \/>\n<div class=\"row\"><div class=\"col50\"><\/p>\n<p><strong>MARGUS VETEMA<\/strong><b><br \/>\n<\/b>Retail Sales Manager<br \/>\nGSM: +372 50 22 854<br \/>\nmargus.vetema @langeproon.ee<\/p>\n<p><\/div><div class=\"col50\"><br \/>\n<\/div><div class=\"clear\"><\/div><\/div><\/p>\n<hr \/>\n<p>&nbsp;<\/p>\n<h3><strong>Office at K\u00e4o St. 52\/1, Tallinn<\/strong><\/h3>\n<h3>Please schedule a personal appointment.<\/h3>\n<p><iframe style=\"height: 300px; margin-bottom: 0;\" src=\"http:\/\/maps.google.com\/maps?q=K%C3%A4o+tn+52%2F1&amp;hl=en&amp;cd=1&amp;ei=LDezTLuZCZP0ObTYxfcP&amp;sll=59.410271,24.72117&amp;sspn=0.006295,0.006295&amp;ie=UTF8&amp;view=map&amp;cid=9277007093538364278&amp;ved=0CBAQpQY&amp;hq=K%C3%A4o+tn+52%2F1&amp;hnear=&amp;ll=59.409801,24.723787&amp;spn=0.006552,0.032573&amp;z=15&amp;output=embed\" width=\"760\" height=\"300\" frameborder=\"0\" marginwidth=\"0\" marginheight=\"0\" scrolling=\"no\"><\/iframe><\/p>\n<hr \/>\n<div class=\"row\"><div class=\"col50\"><\/p>\n<p>Engineering bureau<br \/>\n<strong>LLC LANGEPROON INSENERIEHITUS<br \/>\n<\/strong>K\u00e4o tn 52\/1 Tallinn 11311<br \/>\nTel: +372 655 2502<br \/>\ninfo @langeproon.ee<\/p>\n<p><\/div><div class=\"col50\"><\/p>\n<p>Construction company<br \/>\n<strong>LLC LANGEPROON H\u00dcDROISOLATSIOONIT\u00d6\u00d6D<br \/>\n<\/strong>K\u00e4o tn 52\/1 Tallinn 11311<br \/>\nTel: +372 655 2502<br \/>\ninfo @langeproon.ee<br \/>\n<\/div><div class=\"clear\"><\/div><\/div>\n<hr \/>\n<div class=\"row\"><div class=\"col50\"><\/p>\n<p><strong>SIRJE PILT<\/strong><br \/>\nM.Sc. (Civil Eng.)<br \/>\nManager<br \/>\nTel: +372 655 2502<br \/>\nGSM: +372 50 43 118<br \/>\nsirje.pilt @langeproon.ee<\/p>\n<p>&nbsp;<\/p>\n<p><strong>HERKI LIIVRAND<\/strong><br \/>\nM.Sc. (Civil Eng.)<br \/>\nDesign Manager<br \/>\nTel: +32 655 2502<br \/>\nGSM: +372 5646 8401<br \/>\nherki.liivrand @langeproon.ee<\/p>\n<p>&nbsp;<\/p>\n<p><strong>PRIIT LANGEPROON<\/strong><br \/>\nM.Sc. (Civil Eng.)<br \/>\nDevelopment Manager<br \/>\nGSM: +372 50 36 328<br \/>\npriit.langeproon @langeproon.ee<\/p>\n<p><\/div><div class=\"col50\"><\/p>\n<p><strong>MARTI SEPP<\/strong><br \/>\nCivil Engineer<br \/>\nConstruction Manager<br \/>\nGSM: +372 55 583 238<br \/>\nmarti.sepp @langeproon.ee<\/p>\n<p>&nbsp;<\/p>\n<p><\/div><div class=\"clear\"><\/div><\/div>\n<hr \/>\n<p>&nbsp;<\/p>\n","protected":false},"excerpt":{"rendered":"<p>Retail sales and stock in Luige, Kiili parish. Open Mon-Thu 8:00 &#8211; 16:00, Fri 8:00 &#8211; 15:00, Sat &#8211; Sun closed Stock coordinates 59\u00ba20\u20191.58\u2019\u2019 and 24\u00ba46\u20192.43\u2019\u2019 Send us your payment order TODAY before 12:00 to e-mail: logistika @langeproon.ee and we will deliver the order TOMMOROW \u2013 directly to your object! &nbsp; Office at K\u00e4o St. [&hellip;]<\/p>\n","protected":false},"author":3,"featured_media":0,"parent":0,"menu_order":20,"comment_status":"open","ping_status":"closed","template":"","meta":{"om_disable_all_campaigns":false,"_monsterinsights_skip_tracking":false,"_monsterinsights_sitenote_active":false,"_monsterinsights_sitenote_note":"","_monsterinsights_sitenote_category":0,"footnotes":""},"class_list":["post-3088","page","type-page","status-publish","hentry"],"acf":[],"aioseo_notices":[],"_links":{"self":[{"href":"https:\/\/www.langeproon.ee\/en\/wp-json\/wp\/v2\/pages\/3088"}],"collection":[{"href":"https:\/\/www.langeproon.ee\/en\/wp-json\/wp\/v2\/pages"}],"about":[{"href":"https:\/\/www.langeproon.ee\/en\/wp-json\/wp\/v2\/types\/page"}],"author":[{"embeddable":true,"href":"https:\/\/www.langeproon.ee\/en\/wp-json\/wp\/v2\/users\/3"}],"replies":[{"embeddable":true,"href":"https:\/\/www.langeproon.ee\/en\/wp-json\/wp\/v2\/comments?post=3088"}],"version-history":[{"count":3,"href":"https:\/\/www.langeproon.ee\/en\/wp-json\/wp\/v2\/pages\/3088\/revisions"}],"predecessor-version":[{"id":16691,"href":"https:\/\/www.langeproon.ee\/en\/wp-json\/wp\/v2\/pages\/3088\/revisions\/16691"}],"wp:attachment":[{"href":"https:\/\/www.langeproon.ee\/en\/wp-json\/wp\/v2\/media?parent=3088"}],"curies":[{"name":"wp","href":"https:\/\/api.w.org\/{rel}","templated":true}]}}